{"id":107,"date":"2014-06-04T16:33:01","date_gmt":"2014-06-04T16:33:01","guid":{"rendered":"http:\/\/drwipp.wvps46-163-68-166.dedicated.hosteurope.de\/?page_id=107"},"modified":"2015-03-16T15:00:51","modified_gmt":"2015-03-16T14:00:51","slug":"stapler","status":"publish","type":"page","link":"http:\/\/dr-wipp.com\/?page_id=107","title":{"rendered":"Stapler"},"content":{"rendered":"<p><span style=\"text-decoration: underline;\">Stapler<\/span><\/p>\n<p><a href=\"http:\/\/dr-wipp.com\/wp-content\/uploads\/2014\/06\/Stapler-KL.jpg\"><img loading=\"lazy\" decoding=\"async\" class=\"size-medium wp-image-105 aligncenter\" src=\"http:\/\/dr-wipp.com\/wp-content\/uploads\/2014\/06\/Stapler-KL-250x201.jpg\" alt=\"Stapler-KL\" width=\"250\" height=\"201\" srcset=\"http:\/\/dr-wipp.com\/wp-content\/uploads\/2014\/06\/Stapler-KL-250x201.jpg 250w, http:\/\/dr-wipp.com\/wp-content\/uploads\/2014\/06\/Stapler-KL.jpg 300w, http:\/\/dr-wipp.com\/wp-content\/uploads\/2014\/06\/Stapler-KL-120x96.jpg 120w, http:\/\/dr-wipp.com\/wp-content\/uploads\/2014\/06\/Stapler-KL-215x173.jpg 215w, http:\/\/dr-wipp.com\/wp-content\/uploads\/2014\/06\/Stapler-KL-148x120.jpg 148w, http:\/\/dr-wipp.com\/wp-content\/uploads\/2014\/06\/Stapler-KL-185x150.jpg 185w\" sizes=\"auto, (max-width: 250px) 100vw, 250px\" \/><\/a><\/p>\n<p>Ich biete Ihnen Wochen- und Wochenendkurse f\u00fcr die Ausbildung zum gepr\u00fcften Staplerfahrer an. Kurse finden immer dann statt, wenn mindestens 14 Anmeldungen vorliegen. Bitte reservieren Sie sich Ihren Ausbildungstermin.<\/p>\n<p>Gem\u00e4\u00df \u00a7 3 der Fachkenntnisnachweis-Verordnung &#8211; FK-V- \u00fcber den Nachweis der Fachkenntnisse f\u00fcr bestimmte Arbeiten \u2013 BGBl. II Nr. 13\/2007, ist eine theoretische Ausbildung f\u00fcr das Vermitteln der erforderlichen Fachkenntnisse f\u00fcr das F\u00fchren von \u201eStaplern\u201c von insgesamt 20 Stunden vorgeschrieben. Im Anschluss an diese Ausbildung findet eine Pr\u00fcfung laut ArbeitnehmerInnenschutzgesetz und der oben genannten Verordnung zur Erlangung der Berechtigung zum F\u00fchren von flurgesteuerten Kranen statt.<\/p>\n<p>Wochenkurse (Einzelteilnahme):Zeit: Montag bis Mittwoch von 8.30 Uhr bis 13.30 Uhr (Theorie)<br \/>\nFreitag Nachmittag ca. 14.30 Uhr (Praxis und Pr\u00fcfung)<br \/>\nKosten: Auf Anfrage (exkl. 1x \u20ac 13,0 Bundesabgabe und 2x Passfoto)<br \/>\nIm Preis sind Kursgeb\u00fchr, Pr\u00fcfungsgeb\u00fchr, und Skripten enthalten.<\/p>\n<p>Wochenendkurse (Einzelteilnahme):Zeit:3 Samstage von 8.30 Uhr bis 13.30 Uhr<br \/>\nKosten:Auf Anfrage (exkl. 1x \u20ac 13,0 Bundesabgabe und 2x Passfoto).<br \/>\nIm Preis sind Kursgeb\u00fchr, Pr\u00fcfungsgeb\u00fchr, und Skripten enthalten.<\/p>\n<p>Gruppenteilnahme:Kurskosten:<br \/>\nAuf Anfrage.<br \/>\nIn diesen Preisen sind alle Kosten f\u00fcr Skripten, Pr\u00fcfungsgeb\u00fchr und die Ausstellung der F\u00fchrer-scheine enthalten. Jeder Teilnehmer muss f\u00fcr seinen Ausweis die erforderliche \u20ac 13,0 Bundes-abgabe und 2 Stk. Passfotos mitnehmen.<\/p>\n<p>R\u00fccktritt:<\/p>\n<p>Bitte haben Sie Verst\u00e4ndnis daf\u00fcr, dass ich Stornierungen nur schriftlich anerkennen kann. Bei R\u00fccktritt innerhalb von 10 Arbeitstagen vor der Veranstaltung muss ich 25% des Teilnahmebetrages, bei R\u00fccktritt am Veranstaltungstag sowie bei Nichterscheinen den gesamten Teilnahmebeitrag verrechnen. Ich akzeptieren aber gerne einen Ersatzteilnehmer.<\/p>\n<p>Vortragende:<\/p>\n<p>Prof. Dipl.-Ing. Dr.techn. Gerhard Wipp, Zivilingenieur f\u00fcr Maschinenbau, Abteilungsvorstand der h\u00f6heren Lehranstalt f\u00fcr Berufst\u00e4tige f\u00fcr Maschinenbau an der HTL Wien Ottakring.<\/p>\n<p>Herr Richard Wipp, Absolvent der HTL Wien I Schellinggasse, Mitarbeiter der Zivilingenieur-Kanzlei Prof. Dr. Wipp, Student an der Fakult\u00e4t f\u00fcr Maschinenwesen an der Technischen Univer-sit\u00e4t Wien.<\/p>\n<p>Inhalt:<\/p>\n<p>Ausbildung entsprechend den Grunds\u00e4tzen der Ausbildung f\u00fcr das F\u00fchren von \u201eStaplern\u201c (\u00a7 4 der Verordnung BGBl.Nr. 441\/1975).<\/p>\n<p>Die notwendigen Fachkenntnisse f\u00fcr das F\u00fchren von \u201eStaplern\u201c umfassen Kenntnisse auf fol-genden Gebieten, soweit diese f\u00fcr eine solche T\u00e4tigkeit von Bedeutung sind:<\/p>\n<p>Grundbegriffe der Mechanik<\/p>\n<p>Aufbau und Arbeitsweise, mechanische und elektrische Ausr\u00fcstung von Staplern<\/p>\n<p>Sicherheitseinrichtungen von Staplern<\/p>\n<p>Betrieb und Wartung von Staplern<\/p>\n<p>Rechtsvorschriften und Richtlinien, die den Betrieb von Staplern betreffen<\/p>\n<p>Praktische Bedienung von Staplern<\/p>\n<p>Anmeldung:<\/p>\n<p>Schriftlich bis 10 Arbeitstage vor Kursbeginn.<\/p>\n<p>Theoriekurse:<\/p>\n<p>Bei Ihnen im Hause oder im Vortragssaal einer anderen teilnehmenden Firma. Der genaue Ort wird rechtzeitig vor Kursbeginn bekanntgegeben.<\/p>\n<p>Praxiskurs:<\/p>\n<p>Der Praxisteil und die Pr\u00fcfung findet direkt bei Ihnen im Hause an Ihren Anlagen statt.<\/p>\n","protected":false},"excerpt":{"rendered":"<p>Stapler Ich biete Ihnen Wochen- und Wochenendkurse f\u00fcr die Ausbildung zum gepr\u00fcften Staplerfahrer an. Kurse finden immer dann statt, wenn mindestens 14 Anmeldungen vorliegen. Bitte reservieren Sie sich Ihren Ausbildungstermin. Gem\u00e4\u00df \u00a7 3 der Fachkenntnisnachweis-Verordnung &#8211; FK-V- \u00fcber den Nachweis der Fachkenntnisse f\u00fcr bestimmte Arbeiten \u2013 BGBl. II Nr. 13\/2007, ist eine theoretische Ausbildung f\u00fcr [&hellip;]<\/p>\n","protected":false},"author":1,"featured_media":0,"parent":0,"menu_order":0,"comment_status":"closed","ping_status":"closed","template":"","meta":{"footnotes":""},"class_list":["post-107","page","type-page","status-publish","hentry"],"_links":{"self":[{"href":"http:\/\/dr-wipp.com\/index.php?rest_route=\/wp\/v2\/pages\/107","targetHints":{"allow":["GET"]}}],"collection":[{"href":"http:\/\/dr-wipp.com\/index.php?rest_route=\/wp\/v2\/pages"}],"about":[{"href":"http:\/\/dr-wipp.com\/index.php?rest_route=\/wp\/v2\/types\/page"}],"author":[{"embeddable":true,"href":"http:\/\/dr-wipp.com\/index.php?rest_route=\/wp\/v2\/users\/1"}],"replies":[{"embeddable":true,"href":"http:\/\/dr-wipp.com\/index.php?rest_route=%2Fwp%2Fv2%2Fcomments&post=107"}],"version-history":[{"count":2,"href":"http:\/\/dr-wipp.com\/index.php?rest_route=\/wp\/v2\/pages\/107\/revisions"}],"predecessor-version":[{"id":388,"href":"http:\/\/dr-wipp.com\/index.php?rest_route=\/wp\/v2\/pages\/107\/revisions\/388"}],"wp:attachment":[{"href":"http:\/\/dr-wipp.com\/index.php?rest_route=%2Fwp%2Fv2%2Fmedia&parent=107"}],"curies":[{"name":"wp","href":"https:\/\/api.w.org\/{rel}","templated":true}]}}