{"id":15,"date":"2014-06-04T12:45:42","date_gmt":"2014-06-04T12:45:42","guid":{"rendered":"http:\/\/drwipp.wvps46-163-68-166.dedicated.hosteurope.de\/?page_id=15"},"modified":"2014-06-05T09:40:11","modified_gmt":"2014-06-05T09:40:11","slug":"aktuell","status":"publish","type":"page","link":"http:\/\/dr-wipp.com\/?page_id=15","title":{"rendered":"Aktuell"},"content":{"rendered":"<p>Bitte verwenden Sie f\u00fcr Ihre Anfrage das Kontaktformular aus dem Men\u00fcpunkt &#8222;Kontakt&#8220;. Gerne erstellen wir Ihnen ein Angebot f\u00fcr eine von Ihnen gew\u00fcnschte Dienstleistung &#8211; z.B. f\u00fcr<\/p>\n<p>-sicherheitstechnische \u00dcberpr\u00fcfungen (Tore, Schranken, Hebezeuge, Aufz\u00fcge, Garagenl\u00fcftungsanlagen mit CO-\u00dcberwachung etc.)<\/p>\n<p>&#8211; Gutachten (private und gerichtliche)<\/p>\n<p>&#8211; Konstruktion (Planerstellung, Brandschutzplan etc.)<\/p>\n<p>&#8211; technische Berechnung (Festigkeitsuntersuchungen, Luftmengenermittlung etc.)<\/p>\n<p>&#8211; Messungen, Untersuchungen (Luftmengen, L\u00f6semittelbilanz, Abgastester etc.)<\/p>\n<p>Hier k\u00f6nnen Sie einen Auszug aus unserem aktuellen <a href=\"wp-content\/uploads\/2014\/06\/vexatfolder.pdf\">VEXAT<\/a> \u00a0Informationsfolder als PDF-File herunterladen.<\/p>\n","protected":false},"excerpt":{"rendered":"<p>Bitte verwenden Sie f\u00fcr Ihre Anfrage das Kontaktformular aus dem Men\u00fcpunkt &#8222;Kontakt&#8220;. Gerne erstellen wir Ihnen ein Angebot f\u00fcr eine von Ihnen gew\u00fcnschte Dienstleistung &#8211; z.B. f\u00fcr -sicherheitstechnische \u00dcberpr\u00fcfungen (Tore, Schranken, Hebezeuge, Aufz\u00fcge, Garagenl\u00fcftungsanlagen mit CO-\u00dcberwachung etc.) &#8211; Gutachten (private und gerichtliche) &#8211; Konstruktion (Planerstellung, Brandschutzplan etc.) &#8211; technische Berechnung (Festigkeitsuntersuchungen, Luftmengenermittlung etc.) &#8211; Messungen, [&hellip;]<\/p>\n","protected":false},"author":1,"featured_media":0,"parent":0,"menu_order":0,"comment_status":"closed","ping_status":"closed","template":"","meta":{"footnotes":""},"class_list":["post-15","page","type-page","status-publish","hentry"],"_links":{"self":[{"href":"http:\/\/dr-wipp.com\/index.php?rest_route=\/wp\/v2\/pages\/15","targetHints":{"allow":["GET"]}}],"collection":[{"href":"http:\/\/dr-wipp.com\/index.php?rest_route=\/wp\/v2\/pages"}],"about":[{"href":"http:\/\/dr-wipp.com\/index.php?rest_route=\/wp\/v2\/types\/page"}],"author":[{"embeddable":true,"href":"http:\/\/dr-wipp.com\/index.php?rest_route=\/wp\/v2\/users\/1"}],"replies":[{"embeddable":true,"href":"http:\/\/dr-wipp.com\/index.php?rest_route=%2Fwp%2Fv2%2Fcomments&post=15"}],"version-history":[{"count":4,"href":"http:\/\/dr-wipp.com\/index.php?rest_route=\/wp\/v2\/pages\/15\/revisions"}],"predecessor-version":[{"id":220,"href":"http:\/\/dr-wipp.com\/index.php?rest_route=\/wp\/v2\/pages\/15\/revisions\/220"}],"wp:attachment":[{"href":"http:\/\/dr-wipp.com\/index.php?rest_route=%2Fwp%2Fv2%2Fmedia&parent=15"}],"curies":[{"name":"wp","href":"https:\/\/api.w.org\/{rel}","templated":true}]}}