{"id":183,"date":"2014-06-05T07:32:10","date_gmt":"2014-06-05T07:32:10","guid":{"rendered":"http:\/\/drwipp.wvps46-163-68-166.dedicated.hosteurope.de\/?page_id=183"},"modified":"2014-06-05T07:42:57","modified_gmt":"2014-06-05T07:42:57","slug":"referenzen","status":"publish","type":"page","link":"http:\/\/dr-wipp.com\/?page_id=183","title":{"rendered":"Referenzen"},"content":{"rendered":"<p style=\"text-align: left;\"><section class=\"one \"><\/p>\n<h3 style=\"text-align: center;\"><span style=\"text-decoration: underline;\">Referenzen<\/span><\/h3>\n<section class=\"one-third \"><\/p>\n<p><strong><span style=\"text-decoration: underline;\">Auftraggeber<\/span><\/strong><\/p>\n<p><\/section>\n<section class=\"one-third \"><\/p>\n<p><strong><span style=\"text-decoration: underline;\">Art der Leistung<\/span><\/strong><\/p>\n<p><\/section>\n<section class=\"one-third last\"><\/p>\n<p><strong><span style=\"text-decoration: underline;\">Leistungszeitraum<\/span><\/strong><\/p>\n<p><\/section>\n<p><\/section><\/p>\n<section class=\"one \"><\/p>\n<p><section class=\"one-third \"><\/p>\n<p><span style=\"color: #222222;\">Begleitende KONTROLLE NEUBAU AKH<\/span><\/p>\n<p><\/section><\/p>\n<p><section class=\"one-third \"><\/p>\n<p><span style=\"color: #222222;\">Laufende \u00dcberpr\u00fcfung von Auftragsvergaben, Schlu\u00dfrechnungen, Projektvorhaben im Bereich haustechnischer Anlagen (Heizung, L\u00fcftung, Klima, Aufz\u00fcge, Transporteinrichtungen). Pr\u00fcfung s\u00e4mtlicher Auftr\u00e4ge an VAMED T\u00f6chter wie z.B. KMB etc.<\/span><\/p>\n<p><\/section><\/p>\n<p><section class=\"one-third last\"><\/p>\n<p><span style=\"color: #222222;\">1986 &#8211; 1996<\/span><\/p>\n<p><\/section><\/p>\n<p><\/section>\n<section class=\"one \"><\/p>\n<p><section class=\"one-third \"><\/p>\n<p><span style=\"color: #222222;\">FRANKSTAHL Rohr- und Stahlhandelsgesellschaft m.b.H.<\/span><\/p>\n<p><\/section><\/p>\n<p><section class=\"one-third \"><\/p>\n<p><span style=\"color: #222222;\">Schadensanalyse an verschiedenen Kran- und F\u00f6rdereinrichtungen im Lager Guntramsdorf<\/span><\/p>\n<p><\/section><\/p>\n<p><section class=\"one-third last\"><\/p>\n<p>1993<\/p>\n<p><\/section><\/p>\n<p><\/section>\n<section class=\"one \"><\/p>\n<p><section class=\"one-third \"><\/p>\n<p><span style=\"color: #222222;\">FRANKSTAHL Rohr- und Stahlhandelsgesellschaft m.b.H.<\/span><\/p>\n<p><\/section><\/p>\n<p><section class=\"one-third \"><\/p>\n<p><span style=\"color: #222222;\">Ausarbeiten eines Instandhaltungskonzeptes<\/span><\/p>\n<p><\/section><\/p>\n<p><section class=\"one-third last\"><\/p>\n<p>1994<\/p>\n<p><\/section><\/p>\n<p><\/section>\n<section class=\"one \"><\/p>\n<p><section class=\"one-third \"><\/p>\n<p><span style=\"color: #222222;\">Pflegeheim der Stadt Wien Baumgarten<\/span><\/p>\n<p><\/section><\/p>\n<p><section class=\"one-third \"><\/p>\n<p><span style=\"color: #222222;\">Wiederkehrende \u00dcberpr\u00fcfungen von mechanischen F\u00f6rdereinrichtungen und Toranlagen<\/span><\/p>\n<p><\/section><\/p>\n<p><section class=\"one-third last\"><\/p>\n<p><span style=\"color: #222222;\">seit 1990 \u00a0\u00a0einmal j\u00e4hrlich<\/span><\/p>\n<p><\/section><\/p>\n<p><\/section>\n<section class=\"one \"><\/p>\n<p><section class=\"one-third \"><\/p>\n<p><span style=\"color: #222222;\">Pflegeheim der Stadt Wien Liesing<\/span><\/p>\n<p><\/section><\/p>\n<p><section class=\"one-third \"><\/p>\n<p><span style=\"color: #222222;\">Wiederkehrende \u00dcberpr\u00fcfungen von mechanischen F\u00f6rdereinrichtungen und Toranlagen<\/span><\/p>\n<p><\/section><\/p>\n<p><section class=\"one-third last\"><\/p>\n<p><span style=\"color: #222222;\">seit 1990 \u00a0\u00a0einmal j\u00e4hrlich<\/span><\/p>\n<p><\/section><\/p>\n<p><\/section>\n<section class=\"one \"><\/p>\n<p><section class=\"one-third \"><\/p>\n<p><span style=\"color: #222222;\">CANON<\/span><\/p>\n<p><\/section><\/p>\n<p><section class=\"one-third \"><\/p>\n<p><span style=\"color: #222222;\">\u00dcberpr\u00fcfung s\u00e4mtlicher f\u00f6rdertechnischer Einrichtungen im Lagerbereich &#8211; Doerenkampg.<\/span><\/p>\n<p><\/section><\/p>\n<p><section class=\"one-third last\"><\/p>\n<p><span style=\"color: #222222;\">seit 1988\u00a0\u00a0einmal j\u00e4hrlich<\/span><\/p>\n<p><\/section><\/p>\n<p><\/section>\n<section class=\"one \"><\/p>\n<p><section class=\"one-third \"><\/p>\n<p><span style=\"color: #222222;\">CANON<\/span><\/p>\n<p><\/section><\/p>\n<p><section class=\"one-third \"><\/p>\n<p><span style=\"color: #222222;\">\u00dcberpr\u00fcfung s\u00e4mtlicher f\u00f6rdertechnischer Einrichtungen im Lagerbereich &#8211; Zetschegasse<\/span><\/p>\n<p><\/section><\/p>\n<p><section class=\"one-third last\"><\/p>\n<p><span style=\"color: #222222;\">seit 1988\u00a0<\/span><span style=\"color: #222222;\">\u00a0einmal j\u00e4hrlich<\/span><\/p>\n<p><\/section><\/p>\n<p><\/section>\n<section class=\"one \"><\/p>\n<p><section class=\"one-third \"><\/p>\n<p><span style=\"color: #222222;\">MA 59<\/span><\/p>\n<p><\/section><\/p>\n<p><section class=\"one-third \"><\/p>\n<p><span style=\"color: #222222;\">\u00dcberpr\u00fcfung von Toranlagen am Gro\u00dfgr\u00fcnmarkt Inzersdorf<\/span><\/p>\n<p><\/section><\/p>\n<p><section class=\"one-third last\"><\/p>\n<p><span style=\"color: #222222;\">seit 1987\u00a0<\/span><span style=\"color: #222222;\">\u00a0einmal j\u00e4hrlich<\/span><\/p>\n<p><\/section><\/p>\n<p><\/section>\n","protected":false},"excerpt":{"rendered":"","protected":false},"author":1,"featured_media":0,"parent":0,"menu_order":0,"comment_status":"closed","ping_status":"closed","template":"","meta":{"footnotes":""},"class_list":["post-183","page","type-page","status-publish","hentry"],"_links":{"self":[{"href":"http:\/\/dr-wipp.com\/index.php?rest_route=\/wp\/v2\/pages\/183","targetHints":{"allow":["GET"]}}],"collection":[{"href":"http:\/\/dr-wipp.com\/index.php?rest_route=\/wp\/v2\/pages"}],"about":[{"href":"http:\/\/dr-wipp.com\/index.php?rest_route=\/wp\/v2\/types\/page"}],"author":[{"embeddable":true,"href":"http:\/\/dr-wipp.com\/index.php?rest_route=\/wp\/v2\/users\/1"}],"replies":[{"embeddable":true,"href":"http:\/\/dr-wipp.com\/index.php?rest_route=%2Fwp%2Fv2%2Fcomments&post=183"}],"version-history":[{"count":8,"href":"http:\/\/dr-wipp.com\/index.php?rest_route=\/wp\/v2\/pages\/183\/revisions"}],"predecessor-version":[{"id":193,"href":"http:\/\/dr-wipp.com\/index.php?rest_route=\/wp\/v2\/pages\/183\/revisions\/193"}],"wp:attachment":[{"href":"http:\/\/dr-wipp.com\/index.php?rest_route=%2Fwp%2Fv2%2Fmedia&parent=183"}],"curies":[{"name":"wp","href":"https:\/\/api.w.org\/{rel}","templated":true}]}}