{"id":259,"date":"2014-06-05T11:16:28","date_gmt":"2014-06-05T11:16:28","guid":{"rendered":"http:\/\/drwipp.wvps46-163-68-166.dedicated.hosteurope.de\/?page_id=259"},"modified":"2014-06-05T17:21:51","modified_gmt":"2014-06-05T17:21:51","slug":"dr-gerhard-wipp-2","status":"publish","type":"page","link":"http:\/\/dr-wipp.com\/?page_id=259","title":{"rendered":"Dr.techn. Gerhard WIPP"},"content":{"rendered":"<section class=\"one \"><\/p>\n<p>[one-fourth\u00a0last=&#8220;no&#8220;]<\/p>\n<p><a href=\"http:\/\/drwipp.wvps46-163-68-166.dedicated.hosteurope.de\/wp-content\/uploads\/2014\/06\/GERHARD-1.jpg\"><img loading=\"lazy\" decoding=\"async\" class=\"alignnone wp-image-299 size-thumbnail\" src=\"http:\/\/drwipp.wvps46-163-68-166.dedicated.hosteurope.de\/wp-content\/uploads\/2014\/06\/GERHARD-1-150x150.jpg\" alt=\"\" width=\"150\" height=\"150\" \/><\/a><\/p>\n<p>&nbsp;<\/p>\n<p>[\/one-fourth]<\/p>\n<p><section class=\"one-half last\"><\/p>\n<h3><span style=\"text-decoration: underline;\">Pers\u00f6nliche Daten<\/span><\/h3>\n<p>Dipl.-Ing. Dr.techn. Gerhard WIPP<\/p>\n<p>&#8211; geboren in Wien, am 23. November 1949<\/p>\n<p>&#8211; Familienstand: verheiratet, 5 Kinder<\/p>\n<p>&#8211; Staatsangeh\u00f6rigkeit: \u00d6sterreich<\/p>\n<p>&#8211; Wohnsitz: 1230 Wien, Ehngasse 12<\/p>\n<p><\/section><\/p>\n<p><\/section>\n<section class=\"one \"><\/p>\n<p><strong><span style=\"text-decoration: underline;\"><a class=\"an\" name=\"ausbildung\"><\/a>Ausbildung<\/span><\/strong><\/p>\n<p><\/section>\n<section class=\"one \"><\/p>\n<p><section class=\"one-half \"><\/p>\n<p>&#8211; AUDITOR\/INNEN &#8211; UPGRADE &#8211; ISO<\/p>\n<p>&#8211; Qualit\u00e4tsmanagement \u2013 3. Teil<\/p>\n<p>&#8211; Qualit\u00e4tsmanagement \u2013 2. Teil<\/p>\n<p>&#8211; Qualit\u00e4tsmanagement \u2013 1. Teil<\/p>\n<p>&#8211; Qualit\u00e4tssicherung Q II \u2013 1. Teil<\/p>\n<p>&#8211; CAD Ausbildung AutoCAD<\/p>\n<p>&#8211; Allgemein beeideter und gerichtlich \u00a0zertifizierter Sachverst\u00e4ndiger<\/p>\n<p>&#8211; HTL Professor<\/p>\n<p>&#8211; TU-Wien, Doktorat<\/p>\n<p>&#8211; Ziviltechnikerpr\u00fcfung<\/p>\n<p>&#8211; Universit\u00e4tsassistent an der TVFA<\/p>\n<p>&#8211; TH-Wien, allgemeiner Maschinenbau<\/p>\n<p>&#8211; HTBL Wien IV \/Maschinenbau &#8211; Matura<\/p>\n<p><\/section><\/p>\n<p><section class=\"one-half last\"><\/p>\n<p>2004<\/p>\n<p>1996<\/p>\n<p>1995<\/p>\n<p>1994<\/p>\n<p>1993<\/p>\n<p>1989<\/p>\n<p>1985<\/p>\n<p>1982<\/p>\n<p>1982<\/p>\n<p>1978<\/p>\n<p>1976<\/p>\n<p>1975<\/p>\n<p>1968<\/p>\n<p><\/section><\/p>\n<p><\/section>\n<section class=\"one \"><\/p>\n<p><span style=\"text-decoration: underline;\"><strong>Berufliche Entwicklung<\/strong><\/span><br \/>\n<\/section>\n<section class=\"one \"><\/p>\n<p><section class=\"one-half \"><\/p>\n<p>Berufung in die Begutachterkommission gem. \u00a7\u00a7 4, 4a SDG des Hauptverbandes der allgemein beeideten und gerichtlich zertifizierten Sachverst\u00e4ndigen \u00d6sterreichs durch den Pr\u00e4sidenten des Handelsgerichtes Wien am 5. November 1999.<\/p>\n<p><\/section><\/p>\n<p><section class=\"one-half last\"><\/p>\n<p>1999<\/p>\n<p><\/section><\/p>\n<p><section class=\"one-half \"><\/p>\n<p>Ab 1. Mai 1996 Abteilungsvorstand der H\u00f6heren Lehranstalt f\u00fcr Maschinenbau f\u00fcr Berufst\u00e4tige an der HTBL Wien I, Schellinggasse 13.<\/p>\n<p><\/section><\/p>\n<p><section class=\"one-half last\"><\/p>\n<p>1996<\/p>\n<p><\/section><\/p>\n<p><section class=\"one-half \"><\/p>\n<p>Entwicklung eines eigenen fahrbaren Pr\u00fcfstandes f\u00fcr die Typenpr\u00fcfung von Gasr\u00fcckf\u00fchrsystemen an Tankstellen<\/p>\n<p><\/section><\/p>\n<p><section class=\"one-half last\"><\/p>\n<p>1993<\/p>\n<p><\/section><\/p>\n<p><section class=\"one-half \"><\/p>\n<p>Fachkonsulent der Begleitenden Kontrolle NEUBAU AKH f\u00fcr den Bereich Haustechnik<\/p>\n<p><\/section><\/p>\n<p><section class=\"one-half last\"><\/p>\n<p>1986 &#8211; 1996<\/p>\n<p><\/section><\/p>\n<p><section class=\"one-half \"><\/p>\n<p>Umsetzung der verst\u00e4rkten Umweltschutzvorhaben im Bereich von Tankstellen &#8211; Mitarbeit in verschiedenen FNAs, Arbeitskreisen, Aussch\u00fcssen etc.<\/p>\n<p><\/section><\/p>\n<p><section class=\"one-half last\"><\/p>\n<p>ab 1986<\/p>\n<p><\/section><\/p>\n<p><section class=\"one-half \"><\/p>\n<p>Professor an der HTBL Wien I, Schellinggasse 13<\/p>\n<p><\/section><\/p>\n<p><section class=\"one-half last\"><\/p>\n<p>ab 1982<\/p>\n<p><\/section><\/p>\n<p><section class=\"one-half \"><\/p>\n<p>Universit\u00e4tsassistent am Institut f\u00fcr Dampf- und Gasturbinen (Prof. Dr. M\u00fcller)<\/p>\n<p><\/section><\/p>\n<p><section class=\"one-half last\"><\/p>\n<p>1980 &#8211; 1982<\/p>\n<p><\/section><\/p>\n<p><section class=\"one-half \"><\/p>\n<p>freiberuflich t\u00e4tiger ZIVILINGENIEUR f\u00fcr MASCHINENBAU<\/p>\n<p><\/section><\/p>\n<p><section class=\"one-half last\"><\/p>\n<p>ab 1980<\/p>\n<p><\/section><\/p>\n<p><section class=\"one-half \"><\/p>\n<p>Leiter der Fahrsteigentwicklung bei der Firma WERTHEIM; Konstruktion, Entwicklung und Pr\u00fcfstand<\/p>\n<p><\/section><\/p>\n<p><section class=\"one-half last\"><\/p>\n<p>1978 &#8211; 1980<\/p>\n<p><\/section><\/p>\n<p><section class=\"one-half \"><\/p>\n<p>Leiter eines mechanischen Labors bei der Firma PHILIPS Bandger\u00e4tewerke, Breitensee<\/p>\n<p><\/section><\/p>\n<p><section class=\"one-half last\"><\/p>\n<p>1976\u00a0&#8211; 1978<\/p>\n<p><\/section><\/p>\n<p><section class=\"one-half \"><\/p>\n<p>Universit\u00e4tsassistent an der Technischen Versuchs-und Forschungsanstalt der TU-Wien, (Prof. Dr. Slattenschek)<br \/>\n<\/section><\/p>\n<p><section class=\"one-half last\"><\/p>\n<p>1975 &#8211; 1976<\/p>\n<p><\/section><\/p>\n<p><\/section>\n<section class=\"one \"><br \/>\n<strong><span style=\"text-decoration: underline;\">Ver\u00f6ffentlichungen<\/span><\/strong><br \/>\n<\/section>\n<section class=\"one \"><\/p>\n<p><section class=\"one-half \"><\/p>\n<p>1980-2004 Diverse Gutachten in den Bereichen F\u00f6rdertechnik, Tankstellentechnik, statische Berechnungen, Werkstoffpr\u00fcfung, Str\u00f6mungsberechnungen etc<\/p>\n<p><\/section><\/p>\n<p><section class=\"one-half last\"><\/p>\n<p>1980 &#8211; 2004<\/p>\n<p><\/section><\/p>\n<p><section class=\"one-half \"><\/p>\n<p>Vorschlag eines PR\u00dcFVERFAHRENS f\u00fcr Gasr\u00fcckf\u00fchrsysteme in der Republik \u00d6sterreich<\/p>\n<p>(Abnahmepr\u00fcfung f\u00fcr aktive Gasr\u00fcckf\u00fchrsysteme) Juli 1993<\/p>\n<p><\/section><\/p>\n<p><section class=\"one-half last\"><\/p>\n<p>1993<\/p>\n<p><\/section><\/p>\n<p><section class=\"one-half \"><\/p>\n<p>Erteilung eines Patentes \u00fcber die \u201eF\u00fchrungseinrichtung f\u00fcr die Laufelemente von Endlosf\u00f6rderern, insbesondere Fahrtreppen\u201c.<\/p>\n<p>Schweizer Patentschrift CH 648 811 A5 vom 15.04.1985<\/p>\n<p><\/section><\/p>\n<p><section class=\"one-half last\"><\/p>\n<p>1985<\/p>\n<p><\/section><\/p>\n<p><section class=\"one-half \"><\/p>\n<p>Reflexionsarmer Abschluss f\u00fcr durchstr\u00f6mte Kan\u00e4le<\/p>\n<p>HLH 35, Seite 76-79, 1984<\/p>\n<p><\/section><\/p>\n<p><section class=\"one-half last\"><\/p>\n<p>1984<\/p>\n<p><\/section><\/p>\n<p><section class=\"one-half \"><\/p>\n<p>Ein Beitrag zur Untersuchung der Abh\u00e4ngigkeit des Interferenzger\u00e4usches vom Schaufelaustrittswinkel eines Radialventilators<\/p>\n<p>Fortschrittberichte der VDI Zeitschriften, Reihe 7: Str\u00f6mungstechnik. Nr. 85, 1984<\/p>\n<p><\/section><\/p>\n<p><section class=\"one-half last\"><\/p>\n<p>1984<\/p>\n<p><\/section><\/p>\n<p><section class=\"one-half \"><\/p>\n<p>Untersuchung des Interferenzger\u00e4usches an derSpiralgeh\u00e4usezunge eines Radialventilators<\/p>\n<p>Dissertation an der TU-Wien<\/p>\n<p><\/section><\/p>\n<p><section class=\"one-half last\"><\/p>\n<p>1982<\/p>\n<p><\/section><\/p>\n<p><section class=\"one-half \"><\/p>\n<p>Messgrundlagen von Ger\u00e4uschen an Radialventilatoren<\/p>\n<p>Diplomarbeit TH Wien, Institut f\u00fcr Dampf- und Gasturbinen<\/p>\n<p><\/section><\/p>\n<p><section class=\"one-half last\"><\/p>\n<p>1974<\/p>\n<p><\/section><\/p>\n<p><\/section>\n<section class=\"one \"><\/p>\n<p><strong><span style=\"text-decoration: underline;\">Doktoratsarbeit<\/span><\/strong><\/p>\n<p><\/section>\n<section class=\"one \"><\/p>\n<p><section class=\"one-half \"><\/p>\n<p><span style=\"color: #222222;\">Untersuchung des Interferenzger\u00e4usches an der Spiralgeh\u00e4usezunge eines Radialventilators<\/span><\/p>\n<p><\/section><\/p>\n<p><section class=\"one-half last\"><\/p>\n<p>1982<\/p>\n<p><\/section><\/p>\n<p><\/section>\n<section class=\"one \"><\/p>\n<p><strong><span style=\"text-decoration: underline;\">Kurse &amp; Seminare<\/span><\/strong><\/p>\n<p><\/section>\n<section class=\"one \"><\/p>\n<p><section class=\"one-half \"><\/p>\n<p>J\u00e4hrlich werden etwa zwei bis drei fachlich einschl\u00e4gige Fortbildungsseminare besucht. In diesem Zeitraum wurden bisher 53 Seminare absolviert.<\/p>\n<p><\/section><\/p>\n<p><section class=\"one-half last\"><\/p>\n<p>1985 &#8211; 2004<\/p>\n<p><\/section><\/p>\n<p><\/section>\n<section class=\"one \"><\/p>\n<p><strong><span style=\"text-decoration: underline;\">Freizeit<\/span><\/strong><\/p>\n<p><\/section>\n<section class=\"one \"><\/p>\n<p><section class=\"one-half \"><\/p>\n<p>&#8211; Schilehrwart<br \/>\n&#8211; Segelschein A<br \/>\n&#8211; Motorbootschein<\/p>\n<p><\/section><\/p>\n<p><section class=\"one-half last\"><\/p>\n<p>1972<br \/>\n1985<br \/>\n1993<\/p>\n<p><\/section><\/p>\n<p><\/section>\n","protected":false},"excerpt":{"rendered":"","protected":false},"author":1,"featured_media":0,"parent":0,"menu_order":0,"comment_status":"closed","ping_status":"closed","template":"","meta":{"footnotes":""},"class_list":["post-259","page","type-page","status-publish","hentry"],"_links":{"self":[{"href":"http:\/\/dr-wipp.com\/index.php?rest_route=\/wp\/v2\/pages\/259","targetHints":{"allow":["GET"]}}],"collection":[{"href":"http:\/\/dr-wipp.com\/index.php?rest_route=\/wp\/v2\/pages"}],"about":[{"href":"http:\/\/dr-wipp.com\/index.php?rest_route=\/wp\/v2\/types\/page"}],"author":[{"embeddable":true,"href":"http:\/\/dr-wipp.com\/index.php?rest_route=\/wp\/v2\/users\/1"}],"replies":[{"embeddable":true,"href":"http:\/\/dr-wipp.com\/index.php?rest_route=%2Fwp%2Fv2%2Fcomments&post=259"}],"version-history":[{"count":24,"href":"http:\/\/dr-wipp.com\/index.php?rest_route=\/wp\/v2\/pages\/259\/revisions"}],"predecessor-version":[{"id":301,"href":"http:\/\/dr-wipp.com\/index.php?rest_route=\/wp\/v2\/pages\/259\/revisions\/301"}],"wp:attachment":[{"href":"http:\/\/dr-wipp.com\/index.php?rest_route=%2Fwp%2Fv2%2Fmedia&parent=259"}],"curies":[{"name":"wp","href":"https:\/\/api.w.org\/{rel}","templated":true}]}}