{"id":65,"date":"2014-06-04T16:05:03","date_gmt":"2014-06-04T16:05:03","guid":{"rendered":"http:\/\/drwipp.wvps46-163-68-166.dedicated.hosteurope.de\/?page_id=65"},"modified":"2014-06-04T16:05:03","modified_gmt":"2014-06-04T16:05:03","slug":"abnahmeprufungen","status":"publish","type":"page","link":"http:\/\/dr-wipp.com\/?page_id=65","title":{"rendered":"Abnahmepr\u00fcfungen"},"content":{"rendered":"<p><span style=\"text-decoration: underline;\">Abnahmepr\u00fcfungen<\/span><\/p>\n<p>Nach Abschlu\u00df der beschriebenen Vorarbeiten und erfolgter Ausf\u00fchrung der Anlage ist die gesetzlich vorgeschriebene Abnahmepr\u00fcfung durchzuf\u00fchren.<\/p>\n<p>Durch eine vorausgegangene Zusammenarbeit unseres Teams mit Ihnen ist eine rasche Abwicklung der \u00dcberpr\u00fcfung der Anlage und der dazugeh\u00f6rigen Unterlagen sichergestellt und eine prompte Ausstellung der erforderlichen Befunde m\u00f6glich.<\/p>\n","protected":false},"excerpt":{"rendered":"<p>Abnahmepr\u00fcfungen Nach Abschlu\u00df der beschriebenen Vorarbeiten und erfolgter Ausf\u00fchrung der Anlage ist die gesetzlich vorgeschriebene Abnahmepr\u00fcfung durchzuf\u00fchren. Durch eine vorausgegangene Zusammenarbeit unseres Teams mit Ihnen ist eine rasche Abwicklung der \u00dcberpr\u00fcfung der Anlage und der dazugeh\u00f6rigen Unterlagen sichergestellt und eine prompte Ausstellung der erforderlichen Befunde m\u00f6glich.<\/p>\n","protected":false},"author":1,"featured_media":0,"parent":0,"menu_order":0,"comment_status":"closed","ping_status":"closed","template":"","meta":{"footnotes":""},"class_list":["post-65","page","type-page","status-publish","hentry"],"_links":{"self":[{"href":"http:\/\/dr-wipp.com\/index.php?rest_route=\/wp\/v2\/pages\/65","targetHints":{"allow":["GET"]}}],"collection":[{"href":"http:\/\/dr-wipp.com\/index.php?rest_route=\/wp\/v2\/pages"}],"about":[{"href":"http:\/\/dr-wipp.com\/index.php?rest_route=\/wp\/v2\/types\/page"}],"author":[{"embeddable":true,"href":"http:\/\/dr-wipp.com\/index.php?rest_route=\/wp\/v2\/users\/1"}],"replies":[{"embeddable":true,"href":"http:\/\/dr-wipp.com\/index.php?rest_route=%2Fwp%2Fv2%2Fcomments&post=65"}],"version-history":[{"count":1,"href":"http:\/\/dr-wipp.com\/index.php?rest_route=\/wp\/v2\/pages\/65\/revisions"}],"predecessor-version":[{"id":66,"href":"http:\/\/dr-wipp.com\/index.php?rest_route=\/wp\/v2\/pages\/65\/revisions\/66"}],"wp:attachment":[{"href":"http:\/\/dr-wipp.com\/index.php?rest_route=%2Fwp%2Fv2%2Fmedia&parent=65"}],"curies":[{"name":"wp","href":"https:\/\/api.w.org\/{rel}","templated":true}]}}