{"id":70,"date":"2014-06-04T16:07:57","date_gmt":"2014-06-04T16:07:57","guid":{"rendered":"http:\/\/drwipp.wvps46-163-68-166.dedicated.hosteurope.de\/?page_id=70"},"modified":"2014-06-04T16:07:57","modified_gmt":"2014-06-04T16:07:57","slug":"weitere-leistungen","status":"publish","type":"page","link":"http:\/\/dr-wipp.com\/?page_id=70","title":{"rendered":"Weitere Leistungen"},"content":{"rendered":"<p><span style=\"text-decoration: underline;\">Weitere Leistungen<\/span><\/p>\n<p>&#8211; Automatische Evidenzhaltung der \u00dcberpr\u00fcfungstermine<br \/>\n&#8211; Hinweise auf Abn\u00fctzungserscheinungen (Verschlei\u00df), die bei der j\u00e4hrlichen Sicherheits-\u00fcberpr\u00fcfung auffallen, durch unsere Unabh\u00e4ngigkeit ausschlie\u00dflich auf die Sicherheit und Vef\u00fcgbarkeit Ihrer Anlage ausgerichtet<br \/>\n&#8211; Bei Streit- und Schadensf\u00e4llen schnelle Hilfe durch Schadensaufnahmen (Befundaufnah-men) und die Erstellung von Gutachten zur Belegung der Schadensursache.<\/p>\n","protected":false},"excerpt":{"rendered":"<p>Weitere Leistungen &#8211; Automatische Evidenzhaltung der \u00dcberpr\u00fcfungstermine &#8211; Hinweise auf Abn\u00fctzungserscheinungen (Verschlei\u00df), die bei der j\u00e4hrlichen Sicherheits-\u00fcberpr\u00fcfung auffallen, durch unsere Unabh\u00e4ngigkeit ausschlie\u00dflich auf die Sicherheit und Vef\u00fcgbarkeit Ihrer Anlage ausgerichtet &#8211; Bei Streit- und Schadensf\u00e4llen schnelle Hilfe durch Schadensaufnahmen (Befundaufnah-men) und die Erstellung von Gutachten zur Belegung der Schadensursache.<\/p>\n","protected":false},"author":1,"featured_media":0,"parent":0,"menu_order":0,"comment_status":"closed","ping_status":"closed","template":"","meta":{"footnotes":""},"class_list":["post-70","page","type-page","status-publish","hentry"],"_links":{"self":[{"href":"http:\/\/dr-wipp.com\/index.php?rest_route=\/wp\/v2\/pages\/70","targetHints":{"allow":["GET"]}}],"collection":[{"href":"http:\/\/dr-wipp.com\/index.php?rest_route=\/wp\/v2\/pages"}],"about":[{"href":"http:\/\/dr-wipp.com\/index.php?rest_route=\/wp\/v2\/types\/page"}],"author":[{"embeddable":true,"href":"http:\/\/dr-wipp.com\/index.php?rest_route=\/wp\/v2\/users\/1"}],"replies":[{"embeddable":true,"href":"http:\/\/dr-wipp.com\/index.php?rest_route=%2Fwp%2Fv2%2Fcomments&post=70"}],"version-history":[{"count":1,"href":"http:\/\/dr-wipp.com\/index.php?rest_route=\/wp\/v2\/pages\/70\/revisions"}],"predecessor-version":[{"id":71,"href":"http:\/\/dr-wipp.com\/index.php?rest_route=\/wp\/v2\/pages\/70\/revisions\/71"}],"wp:attachment":[{"href":"http:\/\/dr-wipp.com\/index.php?rest_route=%2Fwp%2Fv2%2Fmedia&parent=70"}],"curies":[{"name":"wp","href":"https:\/\/api.w.org\/{rel}","templated":true}]}}