{"id":72,"date":"2014-06-04T16:09:36","date_gmt":"2014-06-04T16:09:36","guid":{"rendered":"http:\/\/drwipp.wvps46-163-68-166.dedicated.hosteurope.de\/?page_id=72"},"modified":"2014-06-10T05:36:56","modified_gmt":"2014-06-10T05:36:56","slug":"sachverstandigen-tatigkeit-gutachtenerstellung","status":"publish","type":"page","link":"http:\/\/dr-wipp.com\/?page_id=72","title":{"rendered":"Gutachten"},"content":{"rendered":"<p><span style=\"text-decoration: underline;\">Sachverst\u00e4ndigen-T\u00e4tigkeit &#8211; Gutachtenerstellung<\/span><\/p>\n<p>Sehr oft wird der Ziviltechniker f\u00fcr Maschinenbau als Sachverst\u00e4ndiger herangezogen, sei es als allgemein gerichtlich beeideter Sachverst\u00e4ndiger von den Gerichten sowohl in Zivil- als auch in Strafrechtsverfahren oder als Privatsachvert\u00e4ndiger besonders von den Versicherungen.<\/p>\n<p>Wobei es auf allen Gebieten des Maschinenbaues nicht nur um Schadensursachenfeststellung, sondern auch um Schadensh\u00f6henermittlung geht.<\/p>\n<p>Weiters:<\/p>\n<p>Privatgutachten,Gerichtsgutachten,Gutachterkommission<\/p>\n","protected":false},"excerpt":{"rendered":"<p>Sachverst\u00e4ndigen-T\u00e4tigkeit &#8211; Gutachtenerstellung Sehr oft wird der Ziviltechniker f\u00fcr Maschinenbau als Sachverst\u00e4ndiger herangezogen, sei es als allgemein gerichtlich beeideter Sachverst\u00e4ndiger von den Gerichten sowohl in Zivil- als auch in Strafrechtsverfahren oder als Privatsachvert\u00e4ndiger besonders von den Versicherungen. Wobei es auf allen Gebieten des Maschinenbaues nicht nur um Schadensursachenfeststellung, sondern auch um Schadensh\u00f6henermittlung geht. Weiters: Privatgutachten,Gerichtsgutachten,Gutachterkommission<\/p>\n","protected":false},"author":1,"featured_media":0,"parent":0,"menu_order":0,"comment_status":"closed","ping_status":"closed","template":"","meta":{"footnotes":""},"class_list":["post-72","page","type-page","status-publish","hentry"],"_links":{"self":[{"href":"http:\/\/dr-wipp.com\/index.php?rest_route=\/wp\/v2\/pages\/72","targetHints":{"allow":["GET"]}}],"collection":[{"href":"http:\/\/dr-wipp.com\/index.php?rest_route=\/wp\/v2\/pages"}],"about":[{"href":"http:\/\/dr-wipp.com\/index.php?rest_route=\/wp\/v2\/types\/page"}],"author":[{"embeddable":true,"href":"http:\/\/dr-wipp.com\/index.php?rest_route=\/wp\/v2\/users\/1"}],"replies":[{"embeddable":true,"href":"http:\/\/dr-wipp.com\/index.php?rest_route=%2Fwp%2Fv2%2Fcomments&post=72"}],"version-history":[{"count":2,"href":"http:\/\/dr-wipp.com\/index.php?rest_route=\/wp\/v2\/pages\/72\/revisions"}],"predecessor-version":[{"id":308,"href":"http:\/\/dr-wipp.com\/index.php?rest_route=\/wp\/v2\/pages\/72\/revisions\/308"}],"wp:attachment":[{"href":"http:\/\/dr-wipp.com\/index.php?rest_route=%2Fwp%2Fv2%2Fmedia&parent=72"}],"curies":[{"name":"wp","href":"https:\/\/api.w.org\/{rel}","templated":true}]}}