{"id":76,"date":"2014-06-04T16:10:53","date_gmt":"2014-06-04T16:10:53","guid":{"rendered":"http:\/\/drwipp.wvps46-163-68-166.dedicated.hosteurope.de\/?page_id=76"},"modified":"2014-06-04T16:10:53","modified_gmt":"2014-06-04T16:10:53","slug":"beratende-tatigkeit","status":"publish","type":"page","link":"http:\/\/dr-wipp.com\/?page_id=76","title":{"rendered":"Beratende T\u00e4tigkeit"},"content":{"rendered":"<p><span style=\"text-decoration: underline;\">Beratende T\u00e4tigkeit<\/span><\/p>\n<p>H\u00e4ufig werden Ziviltechniker f\u00fcr Maschinenbau als Berater herangezogen, dies besonders von Industrie- und Gewerbebetrieben, so z. B.:<\/p>\n<p>Von einem Zementwerksbesitzer zur \u00dcberpr\u00fcfung der Angebote f\u00fcr eine neue Anlage vor der Bestellung, zur Unterst\u00fctzung bei den Verhandlungen mit den Lieferanten, zur \u00dcberwachung der Montage und Endabnahme.<\/p>\n<p>Von einem S\u00e4gewerk bei der Erweiterung des S\u00e4gewerks, ob bei der geplanten Maschinenanordnung wirklich der optimale Materialfluss gegeben ist und alle Sicherheits- und Unfallverh\u00fctungsvorschriften eingehalten werden.<\/p>\n<p>Von einer Versicherung, ob beim Bau ihres neuen B\u00fcrohauses eine Klimaanlage erforderlich ist, welche Vor- und Nachteile sie mit sich bringt und, wenn eine Klimaanlage notwendig ist, welche Anlage die beste w\u00e4re.<\/p>\n","protected":false},"excerpt":{"rendered":"<p>Beratende T\u00e4tigkeit H\u00e4ufig werden Ziviltechniker f\u00fcr Maschinenbau als Berater herangezogen, dies besonders von Industrie- und Gewerbebetrieben, so z. B.: Von einem Zementwerksbesitzer zur \u00dcberpr\u00fcfung der Angebote f\u00fcr eine neue Anlage vor der Bestellung, zur Unterst\u00fctzung bei den Verhandlungen mit den Lieferanten, zur \u00dcberwachung der Montage und Endabnahme. Von einem S\u00e4gewerk bei der Erweiterung des S\u00e4gewerks, [&hellip;]<\/p>\n","protected":false},"author":1,"featured_media":0,"parent":0,"menu_order":0,"comment_status":"closed","ping_status":"closed","template":"","meta":{"footnotes":""},"class_list":["post-76","page","type-page","status-publish","hentry"],"_links":{"self":[{"href":"http:\/\/dr-wipp.com\/index.php?rest_route=\/wp\/v2\/pages\/76","targetHints":{"allow":["GET"]}}],"collection":[{"href":"http:\/\/dr-wipp.com\/index.php?rest_route=\/wp\/v2\/pages"}],"about":[{"href":"http:\/\/dr-wipp.com\/index.php?rest_route=\/wp\/v2\/types\/page"}],"author":[{"embeddable":true,"href":"http:\/\/dr-wipp.com\/index.php?rest_route=\/wp\/v2\/users\/1"}],"replies":[{"embeddable":true,"href":"http:\/\/dr-wipp.com\/index.php?rest_route=%2Fwp%2Fv2%2Fcomments&post=76"}],"version-history":[{"count":1,"href":"http:\/\/dr-wipp.com\/index.php?rest_route=\/wp\/v2\/pages\/76\/revisions"}],"predecessor-version":[{"id":77,"href":"http:\/\/dr-wipp.com\/index.php?rest_route=\/wp\/v2\/pages\/76\/revisions\/77"}],"wp:attachment":[{"href":"http:\/\/dr-wipp.com\/index.php?rest_route=%2Fwp%2Fv2%2Fmedia&parent=76"}],"curies":[{"name":"wp","href":"https:\/\/api.w.org\/{rel}","templated":true}]}}