{"id":80,"date":"2014-06-04T16:13:41","date_gmt":"2014-06-04T16:13:41","guid":{"rendered":"http:\/\/drwipp.wvps46-163-68-166.dedicated.hosteurope.de\/?page_id=80"},"modified":"2014-06-04T16:13:41","modified_gmt":"2014-06-04T16:13:41","slug":"begleitende-kontrolle","status":"publish","type":"page","link":"http:\/\/dr-wipp.com\/?page_id=80","title":{"rendered":"Begleitende Kontrolle"},"content":{"rendered":"<p><span style=\"text-decoration: underline;\">Begleitende Kontrolle<\/span><\/p>\n<p>Dr. Wipp war u.a. 10 Jahre lang Fachkonsulent f\u00fcr Haustechnik im Rahmen der &#8222;Begleitenden Kontrolle AKH-Wien&#8220; t\u00e4tig.<\/p>\n<p>Die Begleitende Kontrolle als eine delegierbare Funktion des Auftraggebers umfasst folgende zentrale T\u00e4tigkeiten:<\/p>\n<p>Zeitnahe Pr\u00fcfung, respektive unmittelbare Nachkontrolle der zu geordneten Abwicklung eines Projektes zu erstellenden Unterlagen der Projektbeteiligten. Diese reichen von Planunterlagen und Vertr\u00e4gen \u00fcber Leistungsverzeichnisse bis hin zur Kostenkontrolle. Die Pr\u00fcfung dieser Projektdaten hat so rechtzeitig zu erfolgen, dass noch Korrekturen im Projektverlauf m\u00f6glich sind.<\/p>\n<p>Zweite Beobachtungsebene und hiermit eine entsprechene Beratung und Absicherung des Auftraggebers im Vier-Augen-Prinzip.<\/p>\n<p>Aufbereitung von Entscheidungsprozessen, die sich aus der gewonnenen Einsicht und Erfahrung am Projekt ergeben, aus der Sicht der Begleitenden Kontrolle als &#8222;nicht operativ t\u00e4tigen&#8220; Projektbeteiligten zu Verbreiterung und Ausgewogenheit der jeweiligen Entscheidungsbasis.<\/p>\n<p>Aus der T\u00e4tigkeit der Begleitenden Kontrolle werden zwar nicht vordergr\u00fcndig, jedoch nachhaltig \u00fcber den Weg des Auftraggebers steuernde Ma\u00dfnahmen ausgearbeitet, wodurch auch konkret Einfluss auf ein Projekt genommen wird. \u00dcber deir &#8222;R\u00fcckmeldung&#8220; zur Erf\u00fcllung der von Auftraggeberseite vertraglich bedungenen Leistungen entsteht im Hinblick auf die gesamte Projektdurchf\u00fcrhrung eine fundierte Entscheidungsgrundlage. Diese erm\u00f6glicht dem Auftraggeber rasch und konkret in das laufende Projekt einzugreifen.<\/p>\n<p>Ein Vergleich zu allgemeinen betriebswirtschaftlichen Organisations- und Ablaufstrukturen w\u00fcrde bedeuten, dass die Leistung der Begleitenden Kontrolle im Bauprojekt vergleichbar w\u00e4re mit der T\u00e4tigkeit des unabh\u00e4ngigen Wirtschaftspr\u00fcfers z.B. beim Testat der Bilanz einer Aktiengesellschaft.<\/p>\n<p>Zu unterscheiden ist die Arbeit der Begleitenden Kontrolle von der periodenbezogenen Bilanzpr\u00fcfung des Wirtschaftpr\u00fcfers jedoch dahingehend, dass hier nicht ein &#8222;Betrachtungsausschnitt&#8220; wie z.B. ein Bilanzjahr zu einem bestimmten Zeitpunkt im Vordergrund steht, sondern anlassbezogen zu einzelnen Vorg\u00e4ngen im Projektverlauf wie z.B. dem Vorentwurf, Entwurf, den Vergaben oder einzelnen Abrechnungen Stellung genommen wird.<\/p>\n","protected":false},"excerpt":{"rendered":"<p>Begleitende Kontrolle Dr. Wipp war u.a. 10 Jahre lang Fachkonsulent f\u00fcr Haustechnik im Rahmen der &#8222;Begleitenden Kontrolle AKH-Wien&#8220; t\u00e4tig. Die Begleitende Kontrolle als eine delegierbare Funktion des Auftraggebers umfasst folgende zentrale T\u00e4tigkeiten: Zeitnahe Pr\u00fcfung, respektive unmittelbare Nachkontrolle der zu geordneten Abwicklung eines Projektes zu erstellenden Unterlagen der Projektbeteiligten. Diese reichen von Planunterlagen und Vertr\u00e4gen \u00fcber [&hellip;]<\/p>\n","protected":false},"author":1,"featured_media":0,"parent":0,"menu_order":0,"comment_status":"closed","ping_status":"closed","template":"","meta":{"footnotes":""},"class_list":["post-80","page","type-page","status-publish","hentry"],"_links":{"self":[{"href":"http:\/\/dr-wipp.com\/index.php?rest_route=\/wp\/v2\/pages\/80","targetHints":{"allow":["GET"]}}],"collection":[{"href":"http:\/\/dr-wipp.com\/index.php?rest_route=\/wp\/v2\/pages"}],"about":[{"href":"http:\/\/dr-wipp.com\/index.php?rest_route=\/wp\/v2\/types\/page"}],"author":[{"embeddable":true,"href":"http:\/\/dr-wipp.com\/index.php?rest_route=\/wp\/v2\/users\/1"}],"replies":[{"embeddable":true,"href":"http:\/\/dr-wipp.com\/index.php?rest_route=%2Fwp%2Fv2%2Fcomments&post=80"}],"version-history":[{"count":1,"href":"http:\/\/dr-wipp.com\/index.php?rest_route=\/wp\/v2\/pages\/80\/revisions"}],"predecessor-version":[{"id":81,"href":"http:\/\/dr-wipp.com\/index.php?rest_route=\/wp\/v2\/pages\/80\/revisions\/81"}],"wp:attachment":[{"href":"http:\/\/dr-wipp.com\/index.php?rest_route=%2Fwp%2Fv2%2Fmedia&parent=80"}],"curies":[{"name":"wp","href":"https:\/\/api.w.org\/{rel}","templated":true}]}}