{"id":82,"date":"2014-06-04T16:14:25","date_gmt":"2014-06-04T16:14:25","guid":{"rendered":"http:\/\/drwipp.wvps46-163-68-166.dedicated.hosteurope.de\/?page_id=82"},"modified":"2014-06-04T16:14:25","modified_gmt":"2014-06-04T16:14:25","slug":"planungen","status":"publish","type":"page","link":"http:\/\/dr-wipp.com\/?page_id=82","title":{"rendered":"Planungen"},"content":{"rendered":"<p><span style=\"color: #222222;\">Sehr umfangreich sind die T\u00e4tigkeiten des Ziviltechnikers f\u00fcr Maschinenbau auf dem Gebiet der Planung. Sie reichen von der F\u00f6rdertechnik \u00fcber Haustechnik (Heizung, L\u00fcftung, Sprinkler, Aufz\u00fcge usw.) bis zu Transporteinrichtungen (F\u00f6rderb\u00e4nder, Stapler, Eisenbahnen, Skilifte, Krananlagen&#8230;) bis zu kompletten Industrieanlagen.\u00a0<\/span><\/p>\n","protected":false},"excerpt":{"rendered":"<p>Sehr umfangreich sind die T\u00e4tigkeiten des Ziviltechnikers f\u00fcr Maschinenbau auf dem Gebiet der Planung. Sie reichen von der F\u00f6rdertechnik \u00fcber Haustechnik (Heizung, L\u00fcftung, Sprinkler, Aufz\u00fcge usw.) bis zu Transporteinrichtungen (F\u00f6rderb\u00e4nder, Stapler, Eisenbahnen, Skilifte, Krananlagen&#8230;) bis zu kompletten Industrieanlagen.\u00a0<\/p>\n","protected":false},"author":1,"featured_media":0,"parent":0,"menu_order":0,"comment_status":"closed","ping_status":"closed","template":"","meta":{"footnotes":""},"class_list":["post-82","page","type-page","status-publish","hentry"],"_links":{"self":[{"href":"http:\/\/dr-wipp.com\/index.php?rest_route=\/wp\/v2\/pages\/82","targetHints":{"allow":["GET"]}}],"collection":[{"href":"http:\/\/dr-wipp.com\/index.php?rest_route=\/wp\/v2\/pages"}],"about":[{"href":"http:\/\/dr-wipp.com\/index.php?rest_route=\/wp\/v2\/types\/page"}],"author":[{"embeddable":true,"href":"http:\/\/dr-wipp.com\/index.php?rest_route=\/wp\/v2\/users\/1"}],"replies":[{"embeddable":true,"href":"http:\/\/dr-wipp.com\/index.php?rest_route=%2Fwp%2Fv2%2Fcomments&post=82"}],"version-history":[{"count":1,"href":"http:\/\/dr-wipp.com\/index.php?rest_route=\/wp\/v2\/pages\/82\/revisions"}],"predecessor-version":[{"id":83,"href":"http:\/\/dr-wipp.com\/index.php?rest_route=\/wp\/v2\/pages\/82\/revisions\/83"}],"wp:attachment":[{"href":"http:\/\/dr-wipp.com\/index.php?rest_route=%2Fwp%2Fv2%2Fmedia&parent=82"}],"curies":[{"name":"wp","href":"https:\/\/api.w.org\/{rel}","templated":true}]}}