{"id":84,"date":"2014-06-04T16:15:31","date_gmt":"2014-06-04T16:15:31","guid":{"rendered":"http:\/\/drwipp.wvps46-163-68-166.dedicated.hosteurope.de\/?page_id=84"},"modified":"2014-06-04T16:15:31","modified_gmt":"2014-06-04T16:15:31","slug":"planungs-arbeiten","status":"publish","type":"page","link":"http:\/\/dr-wipp.com\/?page_id=84","title":{"rendered":"Planungs-Arbeiten"},"content":{"rendered":"<p><u>Planungs-Arbeiten<\/u><\/p>\n<p>Die Errichtung neuer Anlagen oder der Umbau von bestehenden Anlagen ist fast immer mit einem gro\u00dfen Planungsaufwand verbunden. Gerade bei technischen Anlagen ist f\u00fcr die Planung eine hohe Fachkenntnis notwendig. <br \/>\nWir k\u00f6nnen Ihnen mit unserem Team aber nicht nur Unterst\u00fctzung bei der Planung und Ausschreibung bieten, sondern wir vertreten Sie als unabh\u00e4ngiger Berater bei Vergabegespr\u00e4chen, \u00fcberwachen und koordinieren die gesamte Ausf\u00fchrung des Projektes bis zur Schlussabnahme und f\u00fchren die Betreuung des Gewerkes w\u00e4hrend der Garantiezeit durch.<br \/>\nViele Planungs- und Organisationsaufgaben k\u00f6nnen durch EDV-Programme unterst\u00fctzt werden. Dabei werden neue Entwicklungen auf diesem Sektor laufend beobachtet und nach gegebenen Notwendig-keiten umgesetzt.<\/p>\n","protected":false},"excerpt":{"rendered":"<p>Planungs-Arbeiten Die Errichtung neuer Anlagen oder der Umbau von bestehenden Anlagen ist fast immer mit einem gro\u00dfen Planungsaufwand verbunden. Gerade bei technischen Anlagen ist f\u00fcr die Planung eine hohe Fachkenntnis notwendig. Wir k\u00f6nnen Ihnen mit unserem Team aber nicht nur Unterst\u00fctzung bei der Planung und Ausschreibung bieten, sondern wir vertreten Sie als unabh\u00e4ngiger Berater bei [&hellip;]<\/p>\n","protected":false},"author":1,"featured_media":0,"parent":0,"menu_order":0,"comment_status":"closed","ping_status":"closed","template":"","meta":{"footnotes":""},"class_list":["post-84","page","type-page","status-publish","hentry"],"_links":{"self":[{"href":"http:\/\/dr-wipp.com\/index.php?rest_route=\/wp\/v2\/pages\/84","targetHints":{"allow":["GET"]}}],"collection":[{"href":"http:\/\/dr-wipp.com\/index.php?rest_route=\/wp\/v2\/pages"}],"about":[{"href":"http:\/\/dr-wipp.com\/index.php?rest_route=\/wp\/v2\/types\/page"}],"author":[{"embeddable":true,"href":"http:\/\/dr-wipp.com\/index.php?rest_route=\/wp\/v2\/users\/1"}],"replies":[{"embeddable":true,"href":"http:\/\/dr-wipp.com\/index.php?rest_route=%2Fwp%2Fv2%2Fcomments&post=84"}],"version-history":[{"count":1,"href":"http:\/\/dr-wipp.com\/index.php?rest_route=\/wp\/v2\/pages\/84\/revisions"}],"predecessor-version":[{"id":87,"href":"http:\/\/dr-wipp.com\/index.php?rest_route=\/wp\/v2\/pages\/84\/revisions\/87"}],"wp:attachment":[{"href":"http:\/\/dr-wipp.com\/index.php?rest_route=%2Fwp%2Fv2%2Fmedia&parent=84"}],"curies":[{"name":"wp","href":"https:\/\/api.w.org\/{rel}","templated":true}]}}