{"id":88,"date":"2014-06-04T16:17:12","date_gmt":"2014-06-04T16:17:12","guid":{"rendered":"http:\/\/drwipp.wvps46-163-68-166.dedicated.hosteurope.de\/?page_id=88"},"modified":"2014-06-04T16:17:12","modified_gmt":"2014-06-04T16:17:12","slug":"vom-entwurf-zur-ausschreibung","status":"publish","type":"page","link":"http:\/\/dr-wipp.com\/?page_id=88","title":{"rendered":"Vom Entwurf zur Ausschreibung"},"content":{"rendered":"<p><span style=\"text-decoration: underline;\">Vom Entwurf zur Ausschreibung<\/span><\/p>\n<p>F\u00fcr die Einholung ma\u00dfgeschneiderter Angebote m\u00fcssen die Anforderungen detailliert aufgelistet und die Randbedingungen formuliert sein.<\/p>\n<p>Unser Team unterst\u00fctzt Sie umfassend:<\/p>\n<p>&#8211; bei der Erstellung von Pflichtenheften,<\/p>\n<p>&#8211; stimmt die M\u00f6glichkeiten mit den entsprechenden Beh\u00f6rden ab,<\/p>\n<p>&#8211; erarbeitet mit Ihnen verschiedenen L\u00f6sungenvarianten,<\/p>\n<p>&#8211; f\u00fchrt die Detailplanung durch<\/p>\n<p>&#8211; und erstellt f\u00fcr Sie die Ausschreibungstexte.<\/p>\n<p>Weiters \u00fcbernehmen wir die Abwicklung von Anfragen der Anbieter, sollten sich w\u00e4hrend der Anbotserstellung Probleme zeigen.<\/p>\n","protected":false},"excerpt":{"rendered":"<p>Vom Entwurf zur Ausschreibung F\u00fcr die Einholung ma\u00dfgeschneiderter Angebote m\u00fcssen die Anforderungen detailliert aufgelistet und die Randbedingungen formuliert sein. Unser Team unterst\u00fctzt Sie umfassend: &#8211; bei der Erstellung von Pflichtenheften, &#8211; stimmt die M\u00f6glichkeiten mit den entsprechenden Beh\u00f6rden ab, &#8211; erarbeitet mit Ihnen verschiedenen L\u00f6sungenvarianten, &#8211; f\u00fchrt die Detailplanung durch &#8211; und erstellt f\u00fcr Sie [&hellip;]<\/p>\n","protected":false},"author":1,"featured_media":0,"parent":0,"menu_order":0,"comment_status":"closed","ping_status":"closed","template":"","meta":{"footnotes":""},"class_list":["post-88","page","type-page","status-publish","hentry"],"_links":{"self":[{"href":"http:\/\/dr-wipp.com\/index.php?rest_route=\/wp\/v2\/pages\/88","targetHints":{"allow":["GET"]}}],"collection":[{"href":"http:\/\/dr-wipp.com\/index.php?rest_route=\/wp\/v2\/pages"}],"about":[{"href":"http:\/\/dr-wipp.com\/index.php?rest_route=\/wp\/v2\/types\/page"}],"author":[{"embeddable":true,"href":"http:\/\/dr-wipp.com\/index.php?rest_route=\/wp\/v2\/users\/1"}],"replies":[{"embeddable":true,"href":"http:\/\/dr-wipp.com\/index.php?rest_route=%2Fwp%2Fv2%2Fcomments&post=88"}],"version-history":[{"count":1,"href":"http:\/\/dr-wipp.com\/index.php?rest_route=\/wp\/v2\/pages\/88\/revisions"}],"predecessor-version":[{"id":89,"href":"http:\/\/dr-wipp.com\/index.php?rest_route=\/wp\/v2\/pages\/88\/revisions\/89"}],"wp:attachment":[{"href":"http:\/\/dr-wipp.com\/index.php?rest_route=%2Fwp%2Fv2%2Fmedia&parent=88"}],"curies":[{"name":"wp","href":"https:\/\/api.w.org\/{rel}","templated":true}]}}