{"id":90,"date":"2014-06-04T16:20:18","date_gmt":"2014-06-04T16:20:18","guid":{"rendered":"http:\/\/drwipp.wvps46-163-68-166.dedicated.hosteurope.de\/?page_id=90"},"modified":"2014-06-04T16:20:18","modified_gmt":"2014-06-04T16:20:18","slug":"ausfuhrung","status":"publish","type":"page","link":"http:\/\/dr-wipp.com\/?page_id=90","title":{"rendered":"Ausf\u00fchrung"},"content":{"rendered":"<p><span style=\"text-decoration: underline;\">Ausf\u00fchrung<\/span><\/p>\n<p class=\"Stil3\">Die Ausf\u00fchrung der gew\u00fcnschten<br \/>\nLeistung erfolgt in den meisten F\u00e4llen durch Zusammenarbeit mehrerer Auftragnehmer.<br \/>\nSchon der Ausfall oder die fehlende Information selbst f\u00fcr kleine Bestandteile des Ausf\u00fchrungsablaufs k\u00f6nnen das gesamte Projekt stark beeintr\u00e4chtigen.<\/p>\n<p>Unser Team \u00fcbernimmt f\u00fcr Sie<\/p>\n<p>&#8211; die Koordinierung der einzelnen Gewerke,<\/p>\n<p>&#8211; Die Erstellung von Bauzeitpl\u00e4nen sowie deren Anpassung an eventuell auftretende Ver\u00e4nderungen,<\/p>\n<p>&#8211; die \u00dcberwachung des Baufortschrittes und der Bauausf\u00fchrung,<\/p>\n<p>&#8211; die Durchf\u00fchrung regelm\u00e4\u00dfiger Baubesprechungen.<\/p>\n<p>&#8211; Damit sorgen wir f\u00fcr einen reibungslosen Ablauf der geplanten Ausf\u00fchrung.<\/p>\n","protected":false},"excerpt":{"rendered":"<p>Ausf\u00fchrung Die Ausf\u00fchrung der gew\u00fcnschten Leistung erfolgt in den meisten F\u00e4llen durch Zusammenarbeit mehrerer Auftragnehmer. Schon der Ausfall oder die fehlende Information selbst f\u00fcr kleine Bestandteile des Ausf\u00fchrungsablaufs k\u00f6nnen das gesamte Projekt stark beeintr\u00e4chtigen. Unser Team \u00fcbernimmt f\u00fcr Sie &#8211; die Koordinierung der einzelnen Gewerke, &#8211; Die Erstellung von Bauzeitpl\u00e4nen sowie deren Anpassung an eventuell [&hellip;]<\/p>\n","protected":false},"author":1,"featured_media":0,"parent":0,"menu_order":0,"comment_status":"closed","ping_status":"closed","template":"","meta":{"footnotes":""},"class_list":["post-90","page","type-page","status-publish","hentry"],"_links":{"self":[{"href":"http:\/\/dr-wipp.com\/index.php?rest_route=\/wp\/v2\/pages\/90","targetHints":{"allow":["GET"]}}],"collection":[{"href":"http:\/\/dr-wipp.com\/index.php?rest_route=\/wp\/v2\/pages"}],"about":[{"href":"http:\/\/dr-wipp.com\/index.php?rest_route=\/wp\/v2\/types\/page"}],"author":[{"embeddable":true,"href":"http:\/\/dr-wipp.com\/index.php?rest_route=\/wp\/v2\/users\/1"}],"replies":[{"embeddable":true,"href":"http:\/\/dr-wipp.com\/index.php?rest_route=%2Fwp%2Fv2%2Fcomments&post=90"}],"version-history":[{"count":1,"href":"http:\/\/dr-wipp.com\/index.php?rest_route=\/wp\/v2\/pages\/90\/revisions"}],"predecessor-version":[{"id":91,"href":"http:\/\/dr-wipp.com\/index.php?rest_route=\/wp\/v2\/pages\/90\/revisions\/91"}],"wp:attachment":[{"href":"http:\/\/dr-wipp.com\/index.php?rest_route=%2Fwp%2Fv2%2Fmedia&parent=90"}],"curies":[{"name":"wp","href":"https:\/\/api.w.org\/{rel}","templated":true}]}}