{"id":92,"date":"2014-06-04T16:21:44","date_gmt":"2014-06-04T16:21:44","guid":{"rendered":"http:\/\/drwipp.wvps46-163-68-166.dedicated.hosteurope.de\/?page_id=92"},"modified":"2014-06-04T16:21:44","modified_gmt":"2014-06-04T16:21:44","slug":"cad-plan-erstellung","status":"publish","type":"page","link":"http:\/\/dr-wipp.com\/?page_id=92","title":{"rendered":"CAD-Plan-Erstellung"},"content":{"rendered":"<p><span style=\"text-decoration: underline;\">CAD-Plan-Erstellung<\/span><\/p>\n<p>F\u00fcr die im folgenden beschriebene T\u00e4tigkeitspalette, bei der Sie unser Team unterst\u00fctzen kann, ist in den meisten F\u00e4llen die Erstellung verschiedenster Pl\u00e4ne notwendig. Mit unserem Team haben Sie auch in diesem Punkt einen kompetenten Partner gefunden. Wir erstellen<\/p>\n<p>&#8211; Kontruktionszeichnungen f\u00fcr Maschinen,<\/p>\n<p>&#8211; Rohrleitungspl\u00e4ne,<\/p>\n<p>&#8211; Lagepl\u00e4ne,<\/p>\n<p>&#8211; Einreichpl\u00e4ne,<\/p>\n<p>&#8211; Brandschutzpl\u00e4ne gem\u00e4\u00df TRVB 121, auf die Sie sich verlassen k\u00f6nnen.<\/p>\n","protected":false},"excerpt":{"rendered":"<p>CAD-Plan-Erstellung F\u00fcr die im folgenden beschriebene T\u00e4tigkeitspalette, bei der Sie unser Team unterst\u00fctzen kann, ist in den meisten F\u00e4llen die Erstellung verschiedenster Pl\u00e4ne notwendig. Mit unserem Team haben Sie auch in diesem Punkt einen kompetenten Partner gefunden. Wir erstellen &#8211; Kontruktionszeichnungen f\u00fcr Maschinen, &#8211; Rohrleitungspl\u00e4ne, &#8211; Lagepl\u00e4ne, &#8211; Einreichpl\u00e4ne, &#8211; Brandschutzpl\u00e4ne gem\u00e4\u00df TRVB 121, auf [&hellip;]<\/p>\n","protected":false},"author":1,"featured_media":0,"parent":0,"menu_order":0,"comment_status":"closed","ping_status":"closed","template":"","meta":{"footnotes":""},"class_list":["post-92","page","type-page","status-publish","hentry"],"_links":{"self":[{"href":"http:\/\/dr-wipp.com\/index.php?rest_route=\/wp\/v2\/pages\/92","targetHints":{"allow":["GET"]}}],"collection":[{"href":"http:\/\/dr-wipp.com\/index.php?rest_route=\/wp\/v2\/pages"}],"about":[{"href":"http:\/\/dr-wipp.com\/index.php?rest_route=\/wp\/v2\/types\/page"}],"author":[{"embeddable":true,"href":"http:\/\/dr-wipp.com\/index.php?rest_route=\/wp\/v2\/users\/1"}],"replies":[{"embeddable":true,"href":"http:\/\/dr-wipp.com\/index.php?rest_route=%2Fwp%2Fv2%2Fcomments&post=92"}],"version-history":[{"count":1,"href":"http:\/\/dr-wipp.com\/index.php?rest_route=\/wp\/v2\/pages\/92\/revisions"}],"predecessor-version":[{"id":93,"href":"http:\/\/dr-wipp.com\/index.php?rest_route=\/wp\/v2\/pages\/92\/revisions\/93"}],"wp:attachment":[{"href":"http:\/\/dr-wipp.com\/index.php?rest_route=%2Fwp%2Fv2%2Fmedia&parent=92"}],"curies":[{"name":"wp","href":"https:\/\/api.w.org\/{rel}","templated":true}]}}