{"id":94,"date":"2014-06-04T16:22:36","date_gmt":"2014-06-04T16:22:36","guid":{"rendered":"http:\/\/drwipp.wvps46-163-68-166.dedicated.hosteurope.de\/?page_id=94"},"modified":"2014-06-04T16:22:36","modified_gmt":"2014-06-04T16:22:36","slug":"angebotsvergleich-und-vergabe","status":"publish","type":"page","link":"http:\/\/dr-wipp.com\/?page_id=94","title":{"rendered":"Angebotsvergleich und Vergabe"},"content":{"rendered":"<p><span style=\"text-decoration: underline;\">Angebotsvergleich und Vergabe<\/span><\/p>\n<p>Nach Einlangen der Angebote stellt sich h\u00e4ufig das Problem, da\u00df die Angebote nicht direkt vergleichbar sind. Unser Team erarbeitet f\u00fcr Sie eine \u00fcbersichtliche Gegen\u00fcberstellung der Angebote als Basis f\u00fcr die Vergabeverhandlungen mit den Anbietern. Selbstverst\u00e4ndlich stehen wir Ihnen auch f\u00fcr die Vergabegespr\u00e4che als Unterst\u00fctzung zur Verf\u00fcgung.<\/p>\n","protected":false},"excerpt":{"rendered":"<p>Angebotsvergleich und Vergabe Nach Einlangen der Angebote stellt sich h\u00e4ufig das Problem, da\u00df die Angebote nicht direkt vergleichbar sind. Unser Team erarbeitet f\u00fcr Sie eine \u00fcbersichtliche Gegen\u00fcberstellung der Angebote als Basis f\u00fcr die Vergabeverhandlungen mit den Anbietern. Selbstverst\u00e4ndlich stehen wir Ihnen auch f\u00fcr die Vergabegespr\u00e4che als Unterst\u00fctzung zur Verf\u00fcgung.<\/p>\n","protected":false},"author":1,"featured_media":0,"parent":0,"menu_order":0,"comment_status":"closed","ping_status":"closed","template":"","meta":{"footnotes":""},"class_list":["post-94","page","type-page","status-publish","hentry"],"_links":{"self":[{"href":"http:\/\/dr-wipp.com\/index.php?rest_route=\/wp\/v2\/pages\/94","targetHints":{"allow":["GET"]}}],"collection":[{"href":"http:\/\/dr-wipp.com\/index.php?rest_route=\/wp\/v2\/pages"}],"about":[{"href":"http:\/\/dr-wipp.com\/index.php?rest_route=\/wp\/v2\/types\/page"}],"author":[{"embeddable":true,"href":"http:\/\/dr-wipp.com\/index.php?rest_route=\/wp\/v2\/users\/1"}],"replies":[{"embeddable":true,"href":"http:\/\/dr-wipp.com\/index.php?rest_route=%2Fwp%2Fv2%2Fcomments&post=94"}],"version-history":[{"count":1,"href":"http:\/\/dr-wipp.com\/index.php?rest_route=\/wp\/v2\/pages\/94\/revisions"}],"predecessor-version":[{"id":95,"href":"http:\/\/dr-wipp.com\/index.php?rest_route=\/wp\/v2\/pages\/94\/revisions\/95"}],"wp:attachment":[{"href":"http:\/\/dr-wipp.com\/index.php?rest_route=%2Fwp%2Fv2%2Fmedia&parent=94"}],"curies":[{"name":"wp","href":"https:\/\/api.w.org\/{rel}","templated":true}]}}