{"id":96,"date":"2014-06-04T16:23:57","date_gmt":"2014-06-04T16:23:57","guid":{"rendered":"http:\/\/drwipp.wvps46-163-68-166.dedicated.hosteurope.de\/?page_id=96"},"modified":"2014-06-04T16:23:57","modified_gmt":"2014-06-04T16:23:57","slug":"schlussabnahme-und-rechnungskontrolle","status":"publish","type":"page","link":"http:\/\/dr-wipp.com\/?page_id=96","title":{"rendered":"Schlussabnahme und  Rechnungskontrolle"},"content":{"rendered":"<p><span style=\"text-decoration: underline;\">Schlussabnahme und \u00a0Rechnungskontrolle<\/span><\/p>\n<p>Nach Beendigung der Arbeiten muss sichergestellt werden, da\u00df die Leistung, die beauftragt wurde, auch hergestellt worden ist. Immer wieder mussten wir bisher feststellen, da\u00df einzelne Teile der gew\u00fcnschten Leistung nicht in entsprechender Qualit\u00e4t hergestellt wurden. Umso wichtiger ist die Beurteilung der vorliegenden Leistung durch einen unabh\u00e4ngigen Berater, der die Kontrolle der zu bezahlenden Leistung f\u00fcr Sie durchf\u00fchrt.<\/p>\n<p>Dar\u00fcber hinaus nimmt sich unser Team auch der Kontrolle der eingehenden Rechnungen f\u00fcr Sie an, \u00fcberpr\u00fcft die sachliche und rechnerische Richtigkeit, k\u00fcmmert sich um die Beseitigung von Unklarheiten, f\u00fchrt den Stand der bezahlten Teilrechnungen und fa\u00dft schlu\u00dfendlich alles Wissenswerte in einem kurzen Bericht f\u00fcr Sie zusammen.<\/p>\n","protected":false},"excerpt":{"rendered":"<p>Schlussabnahme und \u00a0Rechnungskontrolle Nach Beendigung der Arbeiten muss sichergestellt werden, da\u00df die Leistung, die beauftragt wurde, auch hergestellt worden ist. Immer wieder mussten wir bisher feststellen, da\u00df einzelne Teile der gew\u00fcnschten Leistung nicht in entsprechender Qualit\u00e4t hergestellt wurden. Umso wichtiger ist die Beurteilung der vorliegenden Leistung durch einen unabh\u00e4ngigen Berater, der die Kontrolle der zu [&hellip;]<\/p>\n","protected":false},"author":1,"featured_media":0,"parent":0,"menu_order":0,"comment_status":"closed","ping_status":"closed","template":"","meta":{"footnotes":""},"class_list":["post-96","page","type-page","status-publish","hentry"],"_links":{"self":[{"href":"http:\/\/dr-wipp.com\/index.php?rest_route=\/wp\/v2\/pages\/96","targetHints":{"allow":["GET"]}}],"collection":[{"href":"http:\/\/dr-wipp.com\/index.php?rest_route=\/wp\/v2\/pages"}],"about":[{"href":"http:\/\/dr-wipp.com\/index.php?rest_route=\/wp\/v2\/types\/page"}],"author":[{"embeddable":true,"href":"http:\/\/dr-wipp.com\/index.php?rest_route=\/wp\/v2\/users\/1"}],"replies":[{"embeddable":true,"href":"http:\/\/dr-wipp.com\/index.php?rest_route=%2Fwp%2Fv2%2Fcomments&post=96"}],"version-history":[{"count":1,"href":"http:\/\/dr-wipp.com\/index.php?rest_route=\/wp\/v2\/pages\/96\/revisions"}],"predecessor-version":[{"id":97,"href":"http:\/\/dr-wipp.com\/index.php?rest_route=\/wp\/v2\/pages\/96\/revisions\/97"}],"wp:attachment":[{"href":"http:\/\/dr-wipp.com\/index.php?rest_route=%2Fwp%2Fv2%2Fmedia&parent=96"}],"curies":[{"name":"wp","href":"https:\/\/api.w.org\/{rel}","templated":true}]}}